{"id":351,"date":"2026-02-17T14:50:32","date_gmt":"2026-02-17T14:50:32","guid":{"rendered":"https:\/\/nextower.com\/impressum\/"},"modified":"2026-02-25T15:40:50","modified_gmt":"2026-02-25T15:40:50","slug":"imprint","status":"publish","type":"page","link":"https:\/\/nextower.com\/en\/imprint\/","title":{"rendered":"Imprint"},"content":{"rendered":"<h3><strong>1. Impressum<\/strong><\/h3>\n<p>Jewel Tower GmbH &amp; Co. KG<br \/>\nMainzer Landstra\u00dfe 11-17<br \/>\n60329 Frankfurt am Main<br \/>\nTelefon: +49 (0) 69 678305610<br \/>\nE-Mail: palais-quartier@tattersall-lorenz.de<\/p>\n<p><strong>Pers\u00f6nlich haftende Gesellschafterin:<\/strong><br \/>\nJewel Tower Verwaltungs GmbH<br \/>\nMainzer Landstra\u00dfe 11-17<br \/>\n60329 Frankfurt am Main<br \/>\nAmtsgericht Frankfurt am Main, HRB 99949<br \/>\nGesch\u00e4ftsf\u00fchrer: Daniel Kremer, Markus Wickentr\u00e4ger<\/p>\n<p><strong>Bilder<\/strong><br \/>\nEibe S\u00f6nnecken<\/p>\n<p><strong>Design und Konzept<\/strong><br \/>\nacre \u2013 activ consult real estate gmbh<\/p>\n<h3><strong>2. Rechtliche Hinweise<\/strong><\/h3>\n<p>Diese rechtlichen Hinweise sind als Teil des Internetauftritts \u201enextower.de\/.com\u201d der Jewel Tower GmbH &amp; Co. KG zu betrachten, von dem aus auf diese Seite verwiesen wurde. Sofern Teile oder einzelne Formulierungen dieses Textes der geltenden Rechtsgrundlage nicht, nicht mehr oder nicht vollst\u00e4ndig entsprechen sollten, bleiben die \u00fcbrigen Teile des Dokumentes in ihrem Inhalt und ihrer G\u00fcltigkeit davon unber\u00fchrt. Die Nutzung des Internetauftritts \u201cnextower.de\/.com\u201d der Jewel Tower GmbH &amp; Co. KG erfolgt unter der Voraussetzung, dass der Nutzer die nachfolgend enthaltenen Bedingungen und Hinweise ohne \u00c4nderung akzeptiert.<\/p>\n<h3><strong>2.1 Disclaimer\/Haftungs\u00adausschluss<\/strong><\/h3>\n<p>Dieser Internetauftritt wurde von der Jewel Tower GmbH &amp; Co. KG mit gr\u00f6\u00dfter Sorgfalt erstellt. Die Jewel Tower GmbH &amp; Co. KG \u00fcbernimmt jedoch keine Gew\u00e4hr f\u00fcr die Aktualit\u00e4t, die Richtigkeit, Vollst\u00e4ndigkeit oder Qualit\u00e4t der bereitgestellten Informationen. Die Inhalte dieses Internetauftrittes der Jewel Tower GmbH &amp; Co. KG stellen kein vertragliches Angebot dar. Soweit ein Text von dritter Seite erstellt ist, wird der jeweilige Verfasser namentlich benannt. In diesen F\u00e4llen ist der Verfasser des jeweiligen Dokuments bzw. sein Auftraggeber f\u00fcr den Inhalt verantwortlich. Die Jewel Tower GmbH &amp; Co. KG ist gem\u00e4\u00df \u00a7 7 Absatz 2 Telemediengesetz (TMG) nicht verpflichtet, die von ihr \u00fcbermittelten oder gespeicherten fremden Informationen zu \u00fcberwachen oder nach Umst\u00e4nden zu forschen, die auf eine rechtswidrige T\u00e4tigkeit hinweisen.<\/p>\n<p>Der Internetauftritt enth\u00e4lt Links zu externen Internetseiten, auf deren Inhalte die Jewel Tower GmbH &amp; Co. KG keinen Einfluss hat. Aus diesem Grund kann die Jewel Tower GmbH &amp; Co. KG f\u00fcr diese fremden Inhalte keine Gew\u00e4hr \u00fcbernehmen. F\u00fcr die Inhalte der verlinkten Seiten ist der jeweilige Anbieter verantwortlich. Die Seiten wurden zum Zeitpunkt der Verlinkung auf m\u00f6gliche offensichtliche Rechtsverst\u00f6\u00dfe \u00fcberpr\u00fcft. Eine permanente Kontrolle der verlinkten Seiten ist jedoch ohne konkrete Anhaltspunkte weder praktisch machbar noch sinnvoll m\u00f6glich. Bei Bekanntwerden von Rechtsverletzungen wird die Jewel Tower GmbH &amp; Co. KG diese Links umgehend entfernen. In diesem Punkt bittet die Jewel Tower GmbH &amp; Co. KG die Nutzer des Internetauftritts um Mithilfe.<\/p>\n<p>F\u00fcr das von der Jewel Tower GmbH &amp; Co. KG bereitgestellte Internetangebot gelten folgende Haftungsbeschr\u00e4nkungen:<br \/>\nSchadensersatz- und sonstige Haftungsanspr\u00fcche sind ausgeschlossen, sofern kein Vorsatz oder grobe Fahrl\u00e4ssigkeit der Jewel Tower GmbH &amp; Co. KG oder der nachfolgende konkrete Fall einer einfachen Fahrl\u00e4ssigkeit vorliegt.<br \/>\nBei einfacher Fahrl\u00e4ssigkeit haftet die Jewel Tower GmbH &amp; Co. KG nur, sofern eine Pflicht verletzt wird, deren Einhaltung f\u00fcr die Erreichung des Vertragszwecks von besonderer Bedeutung ist (\u201cwesentliche Vertragspflicht\u201d) und nur begrenzt auf den vertragstypisch vorhersehbaren Schaden.<\/p>\n<p>Soweit die Haftung der Jewel Tower GmbH &amp; Co. KG ausgeschlossen, beschr\u00e4nkt oder begrenzt ist, gilt dies auch f\u00fcr die pers\u00f6nliche Haftung ihrer Angestellten, Arbeitnehmer, Mitarbeiter, Vertreter und Erf\u00fcllungsgehilfen.<\/p>\n<p>F\u00fcr die F\u00e4lle anf\u00e4nglicher Unm\u00f6glichkeit haftet die Jewel Tower GmbH &amp; Co. KG zudem nur, wenn ihr das Leistungshindernis bekannt war oder die Unkenntnis auf grober Fahrl\u00e4ssigkeit beruht.<\/p>\n<p>Die Verj\u00e4hrungsfrist f\u00fcr Anspr\u00fcche auf Schadensersatz gegen die Jewel Tower GmbH &amp; Co. KG betr\u00e4gt ein Jahr gerechnet ab dem gesetzlichen Verj\u00e4hrungsbeginn.<\/p>\n<p>Die vorstehenden Haftungsausschl\u00fcsse, -beschr\u00e4nkungen und -begrenzungen gelten nicht f\u00fcr Anspr\u00fcche nach dem Produkthaftungsgesetz sowie bei Sch\u00e4den aus der Verletzung des Lebens, des K\u00f6rpers oder der Gesundheit.<\/p>\n<p>Der Nutzer ist verpflichtet, etwaige Sch\u00e4den im Sinne vorstehender Haftungsregelungen unverz\u00fcglich gegen\u00fcber der Jewel Tower GmbH &amp; Co. KG schriftlich anzuzeigen oder von der Jewel Tower GmbH &amp; Co. KG aufnehmen zu lassen, sodass die Jewel Tower GmbH &amp; Co. KG m\u00f6glichst fr\u00fchzeitig informiert ist und eventuell gemeinsam mit dem Nutzer noch Schadensminderung betreiben kann.<\/p>\n<h3>2.2 Urheber-, Marken- und Kennzeichnungsrechte<\/h3>\n<p>Die Jewel Tower GmbH &amp; Co. KG ist bestrebt, in allen Publikationen die Urheberrechte der verwendeten Grafiken und Texte zu beachten, von ihr selbst erstellte Grafiken und Texte zu nutzen oder auf lizenzfreie Grafiken und Texte zur\u00fcckzugreifen.<\/p>\n<p>Alle in den Publikationen der Jewel Tower GmbH &amp; Co. KG und auf ihrem Internetauftritt ver\u00f6ffentlichten Inhalte unterliegen dem deutschen Urheber- und Leistungsschutzrecht. Jede vom deutschen Urheber- und Leistungsschutzrecht nicht zugelassene Nutzung und Verwertung, insbesondere die Vervielf\u00e4ltigung, Bearbeitung, Verbreitung, Speicherung, vor allem in Datenbanken oder anderen elektronischen Medien und Systemen wie deren Wiedergabe, bedarf der vorherigen schriftlichen Zustimmung des jeweiligen Rechteinhabers. Inhalte und Rechte Dritter sind dabei entsprechend gekennzeichnet. Die unerlaubte Vervielf\u00e4ltigung oder Weitergabe einzelner Inhalte oder kompletter Seiten ist nicht gestattet.<\/p>\n<p>Das Urheberrecht\/Copyright f\u00fcr ver\u00f6ffentlichte, von der Jewel Tower GmbH &amp; Co. KG selbst erstellte Objekte bleibt allein bei der Jewel Tower GmbH &amp; Co. KG.<\/p>\n<p>Alle innerhalb des Internetangebotes genannten und ggf. durch Dritte gesch\u00fctzten Marken und Kennzeichen unterliegen uneingeschr\u00e4nkt den Bestimmungen des jeweils g\u00fcltigen Kennzeichenrechts und den Besitzrechten der jeweiligen eingetragenen Inhaber. Allein aufgrund der blo\u00dfen Nennung ist nicht der Schluss zu ziehen, dass Marken oder Kennzeichen nicht durch Rechte Dritter gesch\u00fctzt sind.<\/p>\n<p>Der Name und das Logo der Jewel Tower GmbH &amp; Co. KG sowie von MyZeil sind eingetragene und markenrechtlich gesch\u00fctzte Kennzeichen.<\/p>\n<p>Dem Nutzer sind eine Vervielf\u00e4ltigung von Informationen oder Daten (insbesondere die Verwendung von Texten, Textteilen, Bildmaterial oder sonstigen Inhalten) sowie eine Verwendung der Marken und Kennzeichen, Grafiken, Tondokumente, Videosequenzen und Texte in anderen elektronischen oder gedruckten Publikationen ohne ausdr\u00fcckliche Zustimmung der Jewel Tower GmbH &amp; Co. KG nicht gestattet.<\/p>\n<h3>2.3 Datenschutz<\/h3>\n<p>Der Schutz der Privatsph\u00e4re bei der Verarbeitung personenbezogener Daten sowie die Sicherheit aller Gesch\u00e4ftsdaten ist ein wichtiges Anliegen der Jewel Tower GmbH &amp; Co. KG. Die Verarbeitung personenbezogener Daten, die bei dem Besuch unserer Webseiten erhoben werden, werden vertraulich und nur gem\u00e4\u00df den gesetzlichen Bestimmungen verarbeitet. Es gelten insoweit unsere \u201cHinweise zum Datenschutz\u201d (siehe Punkt 3).<\/p>\n<h3>2.4 \u00c4nderungen<\/h3>\n<p>Die Jewel Tower GmbH &amp; Co. KG beh\u00e4lt sich das Recht vor, den Internetauftritt nach eigenem Ermessen und ohne vorherige Ank\u00fcndigung ganz oder teilweise zu \u00e4ndern, zu erg\u00e4nzen, zu l\u00f6schen oder die Ver\u00f6ffentlichung zeitweise oder endg\u00fcltig einzustellen. Die Jewel Tower GmbH &amp; Co. KG beh\u00e4lt sich des Weiteren das Recht vor, den Zugriff auf den Internetauftritt zu beschr\u00e4nken oder zu verweigern.<\/p>\n<h3>2.5 Technische Voraussetzungen<\/h3>\n<p>Um den Internetauftritt der Jewel Tower GmbH &amp; Co. KG vollst\u00e4ndig nutzen zu k\u00f6nnen, ben\u00f6tigt der Nutzer einen javascriptf\u00e4higen Internet-Browser mit aktuellem Flash-Plugin.<\/p>\n<h3>3. Hinweise zum Datenschutz<\/h3>\n<p>Die Internetauftritte der Jewel Tower GmbH &amp; Co. KG ber\u00fccksichtigen die einschl\u00e4gigen, f\u00fcr Deutschland geltenden datenschutzrechtlichen Bestimmungen, insbesondere die Vorschriften des Bundesdatenschutzgesetzes sowie des Telemediengesetzes.<\/p>\n<p>Verantwortliche Stelle im Sinne der datenschutzrechtlichen Bestimmungen ist die Jewel Tower GmbH &amp; Co. KG, Heegbarg 30, 22391 Hamburg, Deutschland.<\/p>\n<h3>3.1 Speicherung von Zugriffsdaten<\/h3>\n<p>Bei jedem Zugriff eines Nutzers auf den Internetauftritt Jewel Tower GmbH &amp; Co. KG und bei jedem Abruf einer Datei werden Zugriffsdaten \u00fcber diesen Vorgang in einer Protokolldatei beim Server des Providers DomainFactory gespeichert. Jeder Datensatz besteht aus:<\/p>\n<ul>\n<li>dem Namen des Internet Service Providers,<\/li>\n<li>der Bezeichnung der angeforderten Website,<\/li>\n<li>dem Datum und der Dauer des Besuches,<\/li>\n<li>der Seite, von der aus die Datei angefordert wurde,<\/li>\n<li>dem Namen der Datei,<\/li>\n<li>dem Datum und der Uhrzeit der Anforderung,<\/li>\n<li>der \u00fcbertragenen Datenmenge,<\/li>\n<li>dem Zugriffsstatus (Datei \u00fcbertragen, Datei nicht gefunden etc.),<\/li>\n<li>einer Beschreibung des Typs des verwendeten Webbrowsers,<\/li>\n<li>der IP-Adresse des Rechners, von dem aus ein Besuch gestartet wurde.<\/li>\n<\/ul>\n<p>Diese Daten werden anonym erhoben und zu folgenden Zwecken analysiert:<\/p>\n<ul>\n<li>f\u00fcr diverse statistische Auswertungen, z. B. um unsere Internetauftritte weiter optimieren zu k\u00f6nnen,<\/li>\n<li>f\u00fcr interne Protokollierungen von Fehlern einschlie\u00dflich deren Behebung.<\/li>\n<\/ul>\n<p>Nach Abschluss der statistischen Auswertungen bzw. nach Fehlerbehebung erfolgt die L\u00f6schung der Daten.<\/p>\n<h3>3.2 Datenerhebung und -verarbeitung<\/h3>\n<p>Sofern innerhalb unserer Internetangebote die M\u00f6glichkeit zur Eingabe pers\u00f6nlicher oder gesch\u00e4ftlicher Daten (Namen, E-Mail-Adressen, Anschriften) besteht, z. B. f\u00fcr die Bestellung eines Newsletters, so erfolgt die Preisgabe dieser Daten seitens des Nutzers auf ausdr\u00fccklich freiwilliger Basis. Mit dem Absenden Ihrer Daten erkl\u00e4ren Sie sich einverstanden, dass wir Sie dem jeweiligen Zweck entsprechend per E-Mail, Post oder Telefon kontaktieren. Die Angabe einer Telefonnummer kann je nach Anliegen sinnvoll sein. Auch hier werden Ihre Daten vertraulich und im Rahmen der deutschen Datenschutzvorschriften behandelt.<\/p>\n<p>Eine \u00dcbermittlung der Daten an Dritte, wie z. B. Dienstleister oder Kooperationspartner, erfolgt nur, soweit diese von uns mit der Erf\u00fcllung der dem jeweiligen Zweck entsprechenden Aufgaben beauftragt sind. Diese Dritten d\u00fcrfen die Daten nicht zu anderen Zwecken verwenden. Dar\u00fcber hinaus sind sie verpflichtet, die Daten gem\u00e4\u00df dieser Hinweise zum Datenschutz sowie den datenschutzrechtlichen Bestimmungen zu behandeln. Eine dar\u00fcber hinausgehende Weitergabe von Daten an Dritte erfolgt nicht ohne Einwilligung des Betroffenen.<\/p>\n<p>Die Nutzer haben das Recht, auf Antrag unentgeltlich Auskunft \u00fcber die \u00fcber sie gespeicherten personenbezogenen Daten zu erhalten.<\/p>\n<p>Dar\u00fcber hinaus k\u00f6nnen die Nutzer jederzeit ihre Einwilligung zur Datenspeicherung widerrufen und die \u00c4nderung oder L\u00f6schung ihrer Daten veranlassen. In diesem Fall schreiben Sie uns bitte eine E-Mail an: info@nextower.com<\/p>\n<h3>3.3 Links zu anderen Internetseiten<\/h3>\n<p>In unseren Webseiten k\u00f6nnen Links zu anderen Internetseiten enthalten sein, auf die sich die vorliegende Datenschutzerkl\u00e4rung jedoch nicht erstreckt. Wir haben keinen Einfluss darauf, dass deren Betreiber die datenschutzrechtlichen Bestimmungen einhalten. Bitte beachten Sie hierzu auch Punkt 2 \u201cRechtliche Hinweise\u201d.<\/p>\n<h3>3.4 Sonstiges<\/h3>\n<p>Aufgrund der st\u00e4ndigen Entwicklung des Internets sowie des Datenschutzrechts sind gelegentliche Anpassungen dieser Hinweise zum Datenschutz notwendig. Die Jewel Tower GmbH &amp; Co. KG beh\u00e4lt sich daher vor, jederzeit entsprechende \u00c4nderungen vorzunehmen.<\/p>\n<p>Auf s\u00e4mtliche Inhalte des Angebotes der Jewel Tower GmbH &amp; Co. KG einschlie\u00dflich deren Nutzung findet ausschlie\u00dflich deutsches Recht Anwendung.<\/p>\n<p>Ihre Fragen und Anregungen zum Thema Datenschutz sind uns sehr willkommen und wichtig. Sie k\u00f6nnen uns unter folgender E-Mail-Adresse erreichen: palais-quartier@tattersall-lorenz.de<\/p>\n","protected":false},"excerpt":{"rendered":"<p>1. Impressum Jewel Tower GmbH &amp; Co. KG Mainzer Landstra\u00dfe 11-17 60329 Frankfurt am Main Telefon: +49 (0) 69 678305610 E-Mail: palais-quartier@tattersall-lorenz.de Pers\u00f6nlich haftende Gesellschafterin: Jewel Tower Verwaltungs GmbH Mainzer Landstra\u00dfe 11-17 60329 Frankfurt am Main Amtsgericht Frankfurt am Main, HRB 99949 Gesch\u00e4ftsf\u00fchrer: Daniel Kremer, Markus Wickentr\u00e4ger Bilder Eibe S\u00f6nnecken Design und Konzept acre \u2013 [&hellip;]<\/p>\n","protected":false},"author":1,"featured_media":0,"parent":0,"menu_order":0,"comment_status":"closed","ping_status":"closed","template":"","meta":{"_acf_changed":false,"footnotes":""},"class_list":["post-351","page","type-page","status-publish","hentry"],"acf":[],"_links":{"self":[{"href":"https:\/\/nextower.com\/en\/wp-json\/wp\/v2\/pages\/351","targetHints":{"allow":["GET"]}}],"collection":[{"href":"https:\/\/nextower.com\/en\/wp-json\/wp\/v2\/pages"}],"about":[{"href":"https:\/\/nextower.com\/en\/wp-json\/wp\/v2\/types\/page"}],"author":[{"embeddable":true,"href":"https:\/\/nextower.com\/en\/wp-json\/wp\/v2\/users\/1"}],"replies":[{"embeddable":true,"href":"https:\/\/nextower.com\/en\/wp-json\/wp\/v2\/comments?post=351"}],"version-history":[{"count":1,"href":"https:\/\/nextower.com\/en\/wp-json\/wp\/v2\/pages\/351\/revisions"}],"predecessor-version":[{"id":353,"href":"https:\/\/nextower.com\/en\/wp-json\/wp\/v2\/pages\/351\/revisions\/353"}],"wp:attachment":[{"href":"https:\/\/nextower.com\/en\/wp-json\/wp\/v2\/media?parent=351"}],"curies":[{"name":"wp","href":"https:\/\/api.w.org\/{rel}","templated":true}]}}